{"id":82,"date":"2021-08-26T08:15:11","date_gmt":"2021-08-26T08:15:11","guid":{"rendered":"https:\/\/mzagorski.h2g.pl\/be\/dentist4\/?page_id=3"},"modified":"2024-03-28T12:39:33","modified_gmt":"2024-03-28T12:39:33","slug":"datenschutz","status":"publish","type":"page","link":"https:\/\/www.medizintrifftrecht.de\/index.php\/datenschutz\/","title":{"rendered":"Datenschutz"},"content":{"rendered":"\n<p><\/p>\n\n\n\n<p>Unsere Datenschutzerkl\u00e4rung<\/p>\n\n\n\n<p>Hier finden Sie Informationen \u00fcber den Umgang mit Ihren personenbezogenen Daten beim Besuch unserer Website. Zur Bereitstellung der Funktionen und Dienste unserer Website ist es erforderlich, dass wir personenbezogene Daten \u00fcber Sie erheben. Nachfolgend erkl\u00e4ren wir, welche Daten wir \u00fcber Sie erheben, wozu dies erforderlich ist, und welche Rechte Sie in Bezug auf Ihre Daten haben.<\/p>\n\n\n\n<p><strong>1. Name und Kontaktdaten des f\u00fcr die Verarbeitung Verantwortlichen<\/strong><\/p>\n\n\n\n<p>Verantwortlich f\u00fcr die Verarbeitung von personenbezogenen Daten auf dieser Website ist:<\/p>\n\n\n\n<p>ZMMZ UG mbH vertreten durch die Gesch\u00e4ftsf\u00fchrerin Dr. S. Zentai<\/p>\n\n\n\n<p>Neue Weyerstr. 5<\/p>\n\n\n\n<p>50676 K\u00f6ln<\/p>\n\n\n\n<p>Tel.: +49 (0) 221 &nbsp;99205240<\/p>\n\n\n\n<p>Fax: +49 (0) 221 \u2013 99205239<\/p>\n\n\n\n<p>E-Mail: kontakt at medizintrifftrecht.de<\/p>\n\n\n\n<p>Medizin trifft Recht ist eine Marke der ZMMZ UG mbH<\/p>\n\n\n\n<p><strong>2. Erhebung und Speicherung personenbezogener Daten sowie Art und Zweck von deren Verwendung<\/strong><\/p>\n\n\n\n<p>Wenn Sie diese Webseite nutzen, ohne anderweitig (z.B. durch Registrierung zum Newsletter, Kontakt per E-Mail) Daten an uns zu \u00fcbermitteln, erheben wir technisch notwendige Daten in Form von Protokolldaten (sog. Logfiles), welche von Ihrem Endger\u00e4t automatisch an unseren Server \u00fcbermittelt werden, u.a.:<\/p>\n\n\n\n<p>&nbsp;&nbsp;&nbsp; IP-Adresse<\/p>\n\n\n\n<p>&nbsp;&nbsp;&nbsp; Datum und Uhrzeit der Anfrage<\/p>\n\n\n\n<p>&nbsp;&nbsp;&nbsp; URL der abgerufenen Unterseite<\/p>\n\n\n\n<p>&nbsp;&nbsp;&nbsp; URL der Seite, von der aus Sie uns besuchen (sog. Referrer URL)<\/p>\n\n\n\n<p>&nbsp;&nbsp;&nbsp; Zugriffsstatus\/HTTP-Statuscode<\/p>\n\n\n\n<p>&nbsp;&nbsp;&nbsp; Typ, Sprache und Version der Browsersoftware<\/p>\n\n\n\n<p>&nbsp;&nbsp;&nbsp; Betriebssystem<\/p>\n\n\n\n<p>Die genannten Daten werden durch uns zu folgenden Zwecken verarbeitet:<\/p>\n\n\n\n<p>&nbsp;&nbsp;&nbsp; Gew\u00e4hrleistung eines reibungslosen Verbindungsaufbaus der Website,<\/p>\n\n\n\n<p>&nbsp;&nbsp;&nbsp; Gew\u00e4hrleistung einer komfortablen Nutzung unserer Website,<\/p>\n\n\n\n<p>&nbsp;&nbsp;&nbsp; Auswertung der Systemsicherheit und -stabilit\u00e4t sowie<\/p>\n\n\n\n<p>&nbsp;&nbsp;&nbsp; zu weiteren administrativen Zwecken.<\/p>\n\n\n\n<p>Die Rechtsgrundlage f\u00fcr die Datenverarbeitung ist Art. 6 Abs. 1 S. 1 lit. f DSGVO. Unser berechtigtes Interesse folgt aus oben aufgelisteten Zwecken zur Datenerhebung. In keinem Fall verwenden wir die erhobenen Daten zu dem Zweck, R\u00fcckschl\u00fcsse auf Ihre Person zu ziehen.<\/p>\n\n\n\n<p><strong>3. Newsletter<\/strong><\/p>\n\n\n\n<p>Auf unserer Website k\u00f6nnen Sie einen Newsletter abonnieren. Wenn Sie den Newsletter abonnieren, erheben und speichern wir die Daten, die Sie in die Eingabemaske eingeben (z.B. Nachname, Vorname, E-Mail-Adresse). Eine Weitergabe an Dritte findet nicht statt. Das Abonnement des Newsletters ist nur mit Ihrer Einwilligung m\u00f6glich. Rechtsgrundlage f\u00fcr die Verarbeitung Art. 6 Abs. 1 lit. a DS-GVO. Die Daten verwenden wir ausschlie\u00dflich f\u00fcr den Versand von Newslettern.<\/p>\n\n\n\n<p><strong>4. Kontakt per E-Mail<\/strong><\/p>\n\n\n\n<p>Sie k\u00f6nnen sich an uns per E-Mail wenden. Unsere Datenerhebung beschr\u00e4nkt sich dabei auf die E-Mail-Adresse des von Ihnen zur Kontaktaufnahme verwendeten E-Mail-Accounts, die Metadaten (Zeitstempel, weitere Empf\u00e4nger) sowie auf die von Ihnen im Rahmen der Kontaktaufnahme beliebig zur Verf\u00fcgung gestellten personenbezogenen Daten.<\/p>\n\n\n\n<p>Bitte beachten Sie, dass E-Mails grunds\u00e4tzlich unverschl\u00fcsselt versendet werden und damit eine Kenntnisnahme durch Dritte nicht ausgeschlossen werden kann. Sie k\u00f6nnen sich auch jederzeit per Post an uns wenden.<\/p>\n\n\n\n<p>Zweck der Datenverarbeitung ist die sachgerechte Beantwortung Ihres Anliegens. Die Rechtsgrundlage hierf\u00fcr ist Art. 6 Abs. 1 lit. f) DS-GVO. Es besteht ein berechtigtes Interesse an der Verarbeitung der oben genannten personenbezogenen Daten zur Bearbeitung Ihrer Anfrage.<\/p>\n\n\n\n<p>Die Dauer der Speicherung der oben genannten Daten ist abh\u00e4ngig vom Hintergrund Ihrer Kontaktaufnahme. Eine L\u00f6schung Ihrer personenbezogenen Daten erfolgt regelm\u00e4\u00dfig, sofern der verfolgte Zweck der Kommunikation entfallen und eine Speicherung aufgrund gesetzlicher Aufbewahrungspflichten nicht mehr erforderlich ist. Dies kann sich beispielsweise aus einer Bearbeitung Ihres Anliegens ergeben.<\/p>\n\n\n\n<p><strong>5. Weitergabe von Daten<\/strong><\/p>\n\n\n\n<p>Eine \u00dcbermittlung Ihrer pers\u00f6nlichen Daten an Dritte zu anderen als den im Folgenden aufgef\u00fchrten Zwecken findet nicht statt.<\/p>\n\n\n\n<p>Wir geben Ihre pers\u00f6nlichen Daten nur an Dritte weiter, wenn:<\/p>\n\n\n\n<p>&nbsp;&nbsp;&nbsp; Sie Ihre nach Art. 6 Abs. 1 S. 1 lit. a DSGVO ausdr\u00fcckliche Einwilligung dazu erteilt haben,&nbsp;&nbsp;&nbsp;&nbsp;&nbsp;<br>&nbsp;&nbsp;&nbsp; die Weitergabe nach Art. 6 Abs. 1 S. 1 lit. f DSGVO zur Geltendmachung, Aus\u00fcbung oder<br>&nbsp;&nbsp;&nbsp; Verteidigung von Rechtsanspr\u00fcchen erforderlich ist und kein Grund zur Annahme besteht, dass<br>&nbsp;&nbsp;&nbsp; Sie ein \u00fcberwiegendes schutzw\u00fcrdiges Interesse an der Nichtweitergabe Ihrer Daten haben,<br>&nbsp;&nbsp;&nbsp; f\u00fcr den Fall, dass f\u00fcr die Weitergabe nach Art. 6 Abs. 1 S. 1 lit. c DSGVO eine gesetzliche<br>&nbsp;&nbsp;&nbsp; Verpflichtung besteht, sowie dies gesetzlich zul\u00e4ssig und nach Art. 6 Abs. 1 S. 1 lit. b DSGVO<br>&nbsp;&nbsp;&nbsp; f\u00fcr die Abwicklung von Vertragsverh\u00e4ltnissen mit Ihnen erforderlich ist.<\/p>\n\n\n\n<p><strong>6. Cookies<\/strong><\/p>\n\n\n\n<p>Wir setzen auf unserer Seite keine Cookies ein.<\/p>\n\n\n\n<p><strong>7. Analyse-Tools<\/strong><\/p>\n\n\n\n<p>Wir setzen keine Analyse-Tools ein.<\/p>\n\n\n\n<p><strong>8. Betroffenenrecht<\/strong><\/p>\n\n\n\n<p>Sie haben das Recht:<\/p>\n\n\n\n<ul>\n<li>gem\u00e4\u00df Art. 15 DSGVO Auskunft \u00fcber Ihre von uns verarbeiteten personenbezogenen Daten zu verlangen. Insbesondere k\u00f6nnen Sie Auskunft \u00fcber die Verarbeitungszwecke, die Kategorie der personenbezogenen Daten, die Kategorien von Empf\u00e4ngern, gegen\u00fcber denen Ihre Daten offengelegt wurden oder werden, die geplante Speicherdauer, das Bestehen eines Rechts auf Berichtigung, L\u00f6schung, Einschr\u00e4nkung der Verarbeitung oder Widerspruch, das Bestehen eines Beschwerderechts, die Herkunft ihrer Daten, sofern diese nicht bei uns erhoben wurden, sowie \u00fcber das Bestehen einer automatisierten Entscheidungsfindung einschlie\u00dflich Profiling und ggf. aussagekr\u00e4ftigen Informationen zu deren Einzelheiten verlangen;<\/li>\n\n\n\n<li>gem\u00e4\u00df Art. 16 DSGVO unverz\u00fcglich die Berichtigung unrichtiger oder Vervollst\u00e4ndigung Ihrer bei uns gespeicherten personenbezogenen Daten zu verlangen;<\/li>\n\n\n\n<li>gem\u00e4\u00df Art. 17 DSGVO die L\u00f6schung Ihrer bei uns gespeicherten personenbezogenen Daten zu verlangen, soweit nicht die Verarbeitung zur Aus\u00fcbung des Rechts auf freie Meinungs\u00e4u\u00dferung und Information, zur Erf\u00fcllung einer rechtlichen Verpflichtung, aus Gr\u00fcnden des \u00f6ffentlichen Interesses oder zur Geltendmachung, Aus\u00fcbung oder Verteidigung von Rechtsanspr\u00fcchen erforderlich ist;<\/li>\n\n\n\n<li>gem\u00e4\u00df Art. 18 DSGVO die Einschr\u00e4nkung der Verarbeitung Ihrer personenbezogenen Daten zu verlangen, soweit die Richtigkeit der Daten von Ihnen bestritten wird, die Verarbeitung unrechtm\u00e4\u00dfig ist, Sie aber deren L\u00f6schung ablehnen und wir die Daten nicht mehr ben\u00f6tigen, Sie jedoch diese zur Geltendmachung, Aus\u00fcbung oder Verteidigung von Rechtsanspr\u00fcchen ben\u00f6tigen oder Sie gem\u00e4\u00df Art. 21 DSGVO Widerspruch gegen die Verarbeitung eingelegt haben;<\/li>\n\n\n\n<li>gem\u00e4\u00df Art. 20 DSGVO Ihre personenbezogenen Daten, die Sie uns bereitgestellt haben, in einem strukturierten, g\u00e4ngigen und maschinenlesebaren Format zu erhalten oder die \u00dcbermittlung an einen anderen Verantwortlichen zu verlangen;<\/li>\n\n\n\n<li>gem\u00e4\u00df Art. 7 Abs. 3 DSGVO Ihre einmal erteilte Einwilligung jederzeit gegen\u00fcber uns zu widerrufen. Dies hat zur Folge, dass wir die Datenverarbeitung, die auf dieser Einwilligung beruhte, f\u00fcr die Zukunft nicht mehr fortf\u00fchren d\u00fcrfen und<\/li>\n\n\n\n<li>gem\u00e4\u00df Art. 77 DSGVO sich bei einer Aufsichtsbeh\u00f6rde zu beschweren. In der Regel k\u00f6nnen Sie sich hierf\u00fcr an die Aufsichtsbeh\u00f6rde Ihres \u00fcblichen Aufenthaltsortes oder Arbeitsplatzes oder unseres Sitzes wenden.<\/li>\n<\/ul>\n\n\n\n<p><strong>9. Widerspruchsrecht<\/strong><\/p>\n\n\n\n<p>Sofern Ihre personenbezogenen Daten auf Grundlage von berechtigten Interessen gem\u00e4\u00df Art. 6 Abs. 1 S. 1 lit. f DSGVO verarbeitet werden, haben Sie das Recht, gem\u00e4\u00df Art. 21 DSGVO Widerspruch gegen die Verarbeitung Ihrer personenbezogenen Daten einzulegen, soweit daf\u00fcr Gr\u00fcnde vorliegen, die sich aus Ihrer besonderen Situation ergeben oder sich der Widerspruch gegen Direktwerbung richtet. Im letzteren Fall haben Sie ein generelles Widerspruchsrecht, das ohne Angabe einer besonderen Situation von uns umgesetzt wird.<\/p>\n\n\n\n<p>M\u00f6chten Sie von Ihrem Widerrufs- oder Widerspruchsrecht Gebrauch machen, gen\u00fcgt eine E-Mail an kontakt at medizintrifftrecht.de.<\/p>\n\n\n\n<p><strong>10. Datensicherheit<\/strong><\/p>\n\n\n\n<p>Wir verwenden innerhalb des Website-Besuchs das verbreitete SSL-Verfahren (Secure Socket Layer) in Verbindung mit der jeweils h\u00f6chsten Verschl\u00fcsselungsstufe, die von Ihrem Browser unterst\u00fctzt wird. In der Regel handelt es sich dabei um eine 256 Bit Verschl\u00fcsselung. Falls Ihr Browser keine 256-Bit Verschl\u00fcsselung unterst\u00fctzt, greifen wir stattdessen auf 128-Bit v3 Technologie zur\u00fcck. Ob eine einzelne Seite unseres Internetauftrittes verschl\u00fcsselt \u00fcbertragen wird, erkennen Sie an der geschlossenen Darstellung des Sch\u00fcssel- beziehungsweise Schloss-Symbols in der unteren Statusleiste Ihres Browsers.<\/p>\n\n\n\n<p>Wir bedienen uns im \u00dcbrigen geeigneter technischer und organisatorischer Sicherheitsma\u00dfnahmen, um Ihre Daten gegen zuf\u00e4llige oder vors\u00e4tzliche Manipulationen, teilweisen oder vollst\u00e4ndigen Verlust, Zerst\u00f6rung oder gegen den unbefugten Zugriff Dritter zu sch\u00fctzen. Unsere Sicherheitsma\u00dfnahmen werden entsprechend der technologischen Entwicklung fortlaufend verbessert.<\/p>\n\n\n\n<p><strong>11. Aktualit\u00e4t und \u00c4nderung dieser Datenschutzerkl\u00e4rung<\/strong><\/p>\n\n\n\n<p>Diese Datenschutzerkl\u00e4rung ist aktuell g\u00fcltig und hat den Stand M\u00e4rz 2024.<\/p>\n\n\n\n<p>Durch die Weiterentwicklung unserer Website und Angebote dar\u00fcber oder aufgrund ge\u00e4nderter gesetzlicher beziehungsweise beh\u00f6rdlicher Vorgaben kann es notwendig werden, diese Datenschutzerkl\u00e4rung zu \u00e4ndern. Die jeweils aktuelle Datenschutzerkl\u00e4rung kann jederzeit auf der Website unter https:\/\/www.medizintrifftrecht.de\/datenschutz von Ihnen abgerufen und ausgedruckt werden.<\/p>\n","protected":false},"excerpt":{"rendered":"<p>Unsere Datenschutzerkl\u00e4rung Hier finden Sie Informationen \u00fcber den Umgang mit Ihren personenbezogenen Daten beim Besuch unserer Website. Zur Bereitstellung der Funktionen und Dienste unserer Website ist<span class=\"excerpt-hellip\"> [\u2026]<\/span><\/p>\n","protected":false},"author":1,"featured_media":0,"parent":0,"menu_order":0,"comment_status":"open","ping_status":"open","template":"","meta":{"content-type":"","footnotes":""},"_links":{"self":[{"href":"https:\/\/www.medizintrifftrecht.de\/index.php\/wp-json\/wp\/v2\/pages\/82"}],"collection":[{"href":"https:\/\/www.medizintrifftrecht.de\/index.php\/wp-json\/wp\/v2\/pages"}],"about":[{"href":"https:\/\/www.medizintrifftrecht.de\/index.php\/wp-json\/wp\/v2\/types\/page"}],"author":[{"embeddable":true,"href":"https:\/\/www.medizintrifftrecht.de\/index.php\/wp-json\/wp\/v2\/users\/1"}],"replies":[{"embeddable":true,"href":"https:\/\/www.medizintrifftrecht.de\/index.php\/wp-json\/wp\/v2\/comments?post=82"}],"version-history":[{"count":2,"href":"https:\/\/www.medizintrifftrecht.de\/index.php\/wp-json\/wp\/v2\/pages\/82\/revisions"}],"predecessor-version":[{"id":3590,"href":"https:\/\/www.medizintrifftrecht.de\/index.php\/wp-json\/wp\/v2\/pages\/82\/revisions\/3590"}],"wp:attachment":[{"href":"https:\/\/www.medizintrifftrecht.de\/index.php\/wp-json\/wp\/v2\/media?parent=82"}],"curies":[{"name":"wp","href":"https:\/\/api.w.org\/{rel}","templated":true}]}}