{"id":547,"date":"2024-01-25T12:39:26","date_gmt":"2024-01-25T12:39:26","guid":{"rendered":"https:\/\/www.medizintrifftrecht.de\/?page_id=547"},"modified":"2024-03-28T13:19:44","modified_gmt":"2024-03-28T13:19:44","slug":"impressum","status":"publish","type":"page","link":"https:\/\/www.medizintrifftrecht.de\/index.php\/impressum\/","title":{"rendered":"Impressum"},"content":{"rendered":"\n<p><\/p>\n\n\n\n<p><\/p>\n\n\n\n<p>Medizin trifft Recht ist eine Marke des<\/p>\n\n\n\n<p>ZMMZ Verlag Unternehmergesellschaft (haftungsbeschr\u00e4nkt)<\/p>\n\n\n\n<p>Gesch\u00e4ftsf\u00fchrer: Dr. Susanna Zentai-Heckenb\u00fccker<\/p>\n\n\n\n<p>Neue Weyerstra\u00dfe 5<br>50676 K\u00f6ln<\/p>\n\n\n\n<p>Tel:&nbsp;0221 \u2013 99205 \u2013 240<\/p>\n\n\n\n<p>Fax:&nbsp;0221 \u2013 99205 \u2013 239<\/p>\n\n\n\n<p>Info &lt; at &gt; zmmz.de<\/p>\n\n\n\n<p>Sitz: K\u00f6ln<\/p>\n\n\n\n<p>Registergericht: AG K\u00f6ln, HRB 67063<\/p>\n\n\n\n<p>USt-IdNr.: DE 266782567<\/p>\n\n\n\n<p>Die Informationen auf diesen Internetseiten sind keine Rechtsberatung. Eine Haftung f\u00fcr die Inhalte der Seiten und nicht verlangte Beitr\u00e4ge und Manuskripte wird ausdr\u00fccklich ausgeschlossen.<\/p>\n\n\n\n<p><\/p>\n\n\n\n<p><strong>Disclaimer (Haftungsausschluss) f\u00fcr Inhalte und Links<br><\/strong><br>Die Inhalte unserer Seiten wurden mit gr\u00f6\u00dfter Sorgfalt erstellt. F\u00fcr die Richtigkeit, Vollst\u00e4ndigkeit und Aktualit\u00e4t der Inhalte k\u00f6nnen wir jedoch keine Gew\u00e4hr \u00fcbernehmen.<br>Wir sind gem\u00e4\u00df \u00a7 7 Abs. 1 TMG als Diensteanbieter f\u00fcr eigene Inhalte auf diesen Seiten nach den allgemeinen Gesetzen verantwortlich. Als Diensteanbieter sind wir jedoch nach den \u00a7\u00a7 8 bis 10 TMG nicht verpflichtet, \u00fcbermittelte und gespeicherte fremde Informationen zu \u00fcberwachen und\/oder nach Umst\u00e4nden zu forschen, die auf eine Rechtswidrigkeit hinweisen. Ab konkreter Kenntnis einer Rechtsverletzung ist eine Haftung f\u00fcr diese Inhalte erst m\u00f6glich. Mit der Kenntnis der Rechtsverletzung werden diese Inhalte umgehend entfernt.<br><br>Unser Angebot enth\u00e4lt Links zu externen Webseiten Dritter, auf deren Inhalt wir keinen Einfluss haben. Wir k\u00f6nnen daher f\u00fcr diese fremden Inhalte keine Gew\u00e4hr \u00fcbernehmen. F\u00fcr den Inhalt der verlinkten Seiten ist stets der jeweilige Anbieter oder Betreiber der Seiten verantwortlich. Zum Zeitpunkt der Verlinkung sind die verlinkten Seiten gepr\u00fcft worden und es sind keine rechtswidrigen Inhalte festgestellt worden. Eine permanente inhaltliche Kontrolle der verlinkten Seiten ist ohne konkreten Anhaltspunkt f\u00fcr das Vorliegen von Rechtsverletzungen nicht zumutbar. Ab Kenntnis einer Rechtsverletzung werden diese Links umgehend entfernt.<br><br>Diese Erkl\u00e4rung gilt f\u00fcr alle auf unserer Homepage ausgebrachten Links und f\u00fcr alle Inhalte der Seiten, zu denen Links, Banner oder sonstige Verkn\u00fcpfungen f\u00fchren.<\/p>\n\n\n\n<p><strong>Urheberrecht<\/strong><\/p>\n\n\n\n<p>Die durch die Seitenbetreiber erstellten Inhalte und Werke auf diesen Seiten unterliegen dem deutschen Urheberrecht. Die Vervielf\u00e4ltigung, Bearbeitung, Verbreitung und jede Art der Verwertung au\u00dferhalb der Grenzen des Urheberrechtes bed\u00fcrfen der schriftlichen Zustimmung des jeweiligen Autors bzw. Erstellers. Downloads und Kopien dieser Seite sind nur f\u00fcr den privaten, nicht kommerziellen Gebrauch gestattet. Soweit die Inhalte auf dieser Seite nicht vom Betreiber erstellt wurden, werden die Urheberrechte Dritter beachtet. Insbesondere werden Inhalte Dritter als solche gekennzeichnet. Sollten Sie trotzdem auf eine Urheberrechtsverletzung aufmerksam werden, bitten wir um einen entsprechenden Hinweis. Bei Bekanntwerden von Rechtsverletzungen werden wir derartige Inhalte umgehend entfernen.<\/p>\n\n\n\n<p><\/p>\n\n\n\n<p>Bilder: privat<\/p>\n\n\n\n<p><br>Stand M\u00e4rz 2024<br><\/p>\n\n\n\n<p><\/p>\n\n\n\n<p><\/p>\n\n\n\n<p><\/p>\n\n\n\n<p><\/p>\n\n\n\n<p><\/p>\n\n\n\n<p><\/p>\n\n\n\n<p><\/p>\n","protected":false},"excerpt":{"rendered":"<p>Medizin trifft Recht ist eine Marke des ZMMZ Verlag Unternehmergesellschaft (haftungsbeschr\u00e4nkt) Gesch\u00e4ftsf\u00fchrer: Dr. Susanna Zentai-Heckenb\u00fccker Neue Weyerstra\u00dfe 550676 K\u00f6ln Tel:&nbsp;0221 \u2013 99205 \u2013 240 Fax:&nbsp;0221 \u2013<span class=\"excerpt-hellip\"> [\u2026]<\/span><\/p>\n","protected":false},"author":1,"featured_media":0,"parent":0,"menu_order":0,"comment_status":"open","ping_status":"open","template":"","meta":{"content-type":"","footnotes":""},"_links":{"self":[{"href":"https:\/\/www.medizintrifftrecht.de\/index.php\/wp-json\/wp\/v2\/pages\/547"}],"collection":[{"href":"https:\/\/www.medizintrifftrecht.de\/index.php\/wp-json\/wp\/v2\/pages"}],"about":[{"href":"https:\/\/www.medizintrifftrecht.de\/index.php\/wp-json\/wp\/v2\/types\/page"}],"author":[{"embeddable":true,"href":"https:\/\/www.medizintrifftrecht.de\/index.php\/wp-json\/wp\/v2\/users\/1"}],"replies":[{"embeddable":true,"href":"https:\/\/www.medizintrifftrecht.de\/index.php\/wp-json\/wp\/v2\/comments?post=547"}],"version-history":[{"count":4,"href":"https:\/\/www.medizintrifftrecht.de\/index.php\/wp-json\/wp\/v2\/pages\/547\/revisions"}],"predecessor-version":[{"id":3652,"href":"https:\/\/www.medizintrifftrecht.de\/index.php\/wp-json\/wp\/v2\/pages\/547\/revisions\/3652"}],"wp:attachment":[{"href":"https:\/\/www.medizintrifftrecht.de\/index.php\/wp-json\/wp\/v2\/media?parent=547"}],"curies":[{"name":"wp","href":"https:\/\/api.w.org\/{rel}","templated":true}]}}