{"id":546,"date":"2024-01-25T12:39:31","date_gmt":"2024-01-25T12:39:31","guid":{"rendered":"https:\/\/www.medizintrifftrecht.de\/?page_id=546"},"modified":"2024-03-28T13:24:15","modified_gmt":"2024-03-28T13:24:15","slug":"agb","status":"publish","type":"page","link":"https:\/\/www.medizintrifftrecht.de\/index.php\/agb\/","title":{"rendered":"AGB"},"content":{"rendered":"\n<p><\/p>\n\n\n\n<figure class=\"wp-block-table\"><table><tbody><tr><td>&#8220;Medizin trifft Recht&#8221; <br>ist eine Marke des ZMMZ Verlages UG<br><br><strong>Allgemeine Gesch\u00e4ftsbedingungen des ZMMZ Verlages<\/strong> &nbsp; <br><strong>I. Allgemeine Gesch\u00e4ftsbedingungen f\u00fcr die Buchung von Seminaren und Schulungen<\/strong> <br>1. Geltungsbereich<br>Die folgenden Allgemeinen Gesch\u00e4ftsbedingungen regeln das Vertragsverh\u00e4ltnis zwischen dem Teilnehmer an Seminaren und Schulungen (im Folgenden \u201eVeranstaltung\u201c) und dem ZMMZ Verlag Unternehmergesellschaft \/ haftungsbeschr\u00e4nkt (im Folgenden \u201eZMMZ Verlag\u201c). Abweichende Allgemeine Gesch\u00e4ftsbedingungen des Teilnehmers haben keine G\u00fcltigkeit. <br>2. Anmeldung\/Anmeldebest\u00e4tigung<br>Die Anmeldung kann per Internetformular, Brief, Fax, E-Mail oder telefonisch erfolgen. Die Anmeldung wird durch schriftliche Best\u00e4tigung vom ZMMZ Verlag rechtsverbindlich. <br>3. Leistung<br>Der Teilnahmebetrag versteht sich pro Person und Veranstaltungstermin zzgl. gesetzlicher Umsatzsteuer. Er beinhaltet entsprechend der jeweiligen Veranstaltungsank\u00fcndigung gegebenenfalls Tagungsunterlagen, Pausenverpflegung und -getr\u00e4nke. Der ZMMZ Verlag beh\u00e4lt sich vor, angek\u00fcndigte Referenten durch andere zu ersetzen und notwendige \u00c4nderungen des Veranstaltungsprogramms unter Wahrung des Gesamtcharakters der Veranstaltung vorzunehmen. Ist die Durchf\u00fchrung der Veranstaltung aufgrund h\u00f6herer Gewalt, wegen Verhinderung eines Referenten, wegen St\u00f6rungen am Veranstaltungsort oder aufgrund zu geringer Teilnehmerzahl nicht m\u00f6glich, werden die Teilnehmer umgehend informiert. Die Absage wegen zu geringer Teilnehmerzahl erfolgt nicht sp\u00e4ter als 1 Woche vor der Veranstaltung. Die Veranstaltungsgeb\u00fchr wird in diesen F\u00e4llen erstattet. Ein Anspruch auf Ersatz von Reise- und \u00dcbernachtungskosten sowie Arbeitsausfall ist ausgeschlossen, es sei denn, solche Kosten entstehen aufgrund grob fahrl\u00e4ssigen oder vors\u00e4tzlichen Verhaltens seitens des ZMMZ Verlages. Der ZMMZ Verlag verpflichtet sich, bei eventuell auftretenden Leistungsst\u00f6rungen alles Zumutbare zu unternehmen, um zu einer Behebung oder Begrenzung der St\u00f6rung beizutragen. <br>4. F\u00e4lligkeit und Zahlung, Verzug, Aufrechnung<br>Der Teilnahmebetrag ist bei Erhalt der Rechnung f\u00e4llig. Kommt der Teilnehmer in Zahlungsverzug, ist der ZMMZ Verlag berechtigt, Verzugszinsen i.H.v. 5% \u00fcber dem Basiszinssatz (\u00a7 247 Abs.1 BGB) p.a. zu fordern. Die Bezahlung erfolgt auf Rechnung. Die Bezahlung durch \u00dcbersendung von Bargeld oder Schecks ist nicht m\u00f6glich; bei Verlust \u00fcbernimmt der ZMMZ Verlag keine Haftung. Der Teilnehmer kann nur mit rechtskr\u00e4ftig festgestellten oder von dem ZMMZ Verlag schriftlich anerkannten Anspr\u00fcchen aufrechnen. Zur Aus\u00fcbung eines Zur\u00fcckbehaltungsrechts ist der Teilnehmer nur insoweit befugt, als sein Gegenanspruch auf demselben Vertragsverh\u00e4ltnis beruht. 5. Stornierung<br>Die Stornierung (nur schriftlich) ist bis 21 Tage vor Veranstaltungsbeginn kostenlos m\u00f6glich, danach wird die H\u00e4lfte des Teilnahmebetrages erhoben. Bei Nichterscheinen oder Stornierung am Veranstaltungstag wird der gesamte Teilnahmebetrag f\u00e4llig. Der Teilnehmer ist grunds\u00e4tzlich berechtigt, den Nachweis zu f\u00fchren, dass durch die Stornierung der Veranstaltung ein Schaden nicht entstanden ist, oder wesentlich niedriger ist, als die von dem ZMMZ Verlag einbehaltene Stornierungsgeb\u00fchr.<br>Der Teilnehmer kann ohne zus\u00e4tzliche Kosten einen Ersatzteilnehmer benennen. <br>6. Urheberrechte<br>Die Tagungsunterlagen sind urheberrechtlich gesch\u00fctzt. Die Vervielf\u00e4ltigung, Weitergabe oder anderweitige Nutzung der Tagungsunterlagen ist nur mit ausdr\u00fccklicher schriftlicher Zustimmung vom ZMMZ Verlages gestattet. <br>7. Haftung<br>Die Veranstaltungen werden von qualifizierten Referenten sorgf\u00e4ltig vorbereitet und durchgef\u00fchrt. Der ZMMZ Verlag \u00fcbernimmt keine Haftung f\u00fcr die Aktualit\u00e4t, Richtigkeit und Vollst\u00e4ndigkeit in Bezug auf die Tagungsunterlagen und die Durchf\u00fchrung der Veranstaltung. <br>8. Anwendbares Recht, Gerichtsstand und Erf\u00fcllungsort<br>Es gilt deutsches Recht. Soweit gesetzlich zul\u00e4ssig, wird als Erf\u00fcllungsort und Gerichtsstand K\u00f6ln vereinbart. Die Anwendung des UN-Kaufrecht ist ausgeschlossen. <br>9. Widerrufsrecht f\u00fcr Verbraucher<br>Verbraucher (\u00a7 13 BGB) haben das Recht, die Anmeldung innerhalb von 14 Tagen nach Erhalt der Anmeldebest\u00e4tigung ohne Begr\u00fcndung schriftlich zu widerrufen. Stornierungsgeb\u00fchren werden nicht erhoben. Zur Fristwahrung gen\u00fcgt die rechtzeitige Absendung des Widerrufs an folgende Adresse:<br>ZMMZ Verlag Unternehmergesellschaft \/ haftungsbeschr\u00e4nkt Neue Weyerstr. 5 50676 K\u00f6ln.<br>Dieses Widerrufsrecht besteht nicht, wenn die gebuchte Veranstaltung stattgefunden und der Teilnehmer hieran teilgenommen hat. <br>10. Datenschutz<br>Der ZMMZ Verlag sch\u00fctzt die personenbezogenen Daten der Teilnehmer. Der ZMMZ Verlag wird die vom Teilnehmer \u00fcberlassenen Daten vertraulich behandeln. Die im Rahmen der Nutzung des Angebots des ZMMZ Verlages erhobenen Daten werden ausschlie\u00dflich in den geltenden rechtlichen Grenzen zum Zweck der Durchf\u00fchrung der Leistungen und &#8211; soweit der Teilnehmer dem ZMMZ Verlag hierf\u00fcr eine Einwilligung erteilt hat &#8211; zur Information \u00fcber weitere Angebote des ZMMZ Verlages sowie seiner Partner oder Konzernunternehmen postalisch und per E-Mail genutzt, die den vorher von den Teilnehmern genutzten Leistungen \u00e4hnlich sind. Bei der Erhebung der Teilnehmerdaten fragt der ZMMZ Verlag nach der Einwilligung, ob der ZMMZ Verlag \u00fcber verschiedenste Angebote von sich und von Konzernunternehmen per E-Mail oder Telefax informieren darf. Der Teilnehmer kann der Nutzung seiner Daten f\u00fcr Zwecke der Werbung oder der Ansprache per E-Mail oder Telefax jederzeit gegen\u00fcber dem ZMMZ Verlag Neue Weyerstr. 5 50676 K\u00f6ln widersprechen. <br><em>Stand M\u00e4rz 2024<\/em><br> &nbsp; <br><strong>II. Allgemeine Gesch\u00e4ftsbedingungen f\u00fcr die Bestellung von Druckerzeugnissen ( wie z.B. B\u00fcchern, Brosch\u00fcren, Tagungsunterlagen) und elektronischen Medien.<br><\/strong> 1. Geltungsbereich<br>Die folgenden Allgemeinen Gesch\u00e4ftsbedingungen regeln das Vertragsverh\u00e4ltnis zwischen dem Besteller und dem ZMMZ Verlag Unternehmergesellschaft \/ haftungsbeschr\u00e4nkt (im weiteren ZMMZ Verlag) f\u00fcr die Bestellung von Druckerzeugnissen (wie z.B. B\u00fcchern, Brosch\u00fcren, Tagungsunterlagen) und elektronischen Medien \u00fcber das Internet, per Fax, E-Mail oder Post. Abweichende Allgemeine Gesch\u00e4ftsbedingungen des Bestellers haben keine G\u00fcltigkeit. <br>2. Bestellung<br>Die Bestellung kann per Internet-Bestellformular, E-Mail, Fax oder auf dem Postweg erfolgen und ist, vorbehaltlich gesetzlicher Widerrufsrechte, verbindlich. <br>3. Lieferung<br>Die Lieferung erfolgt auf Gefahr und Kosten des Bestellers. Angaben \u00fcber Liefertermine sind unverbindlich, es sei denn, der Liefertermin wurde schriftlich durch den ZMMZ Verlag zugesagt. <br>4. F\u00e4lligkeit und Zahlung, Verzug, Aufrechnung<br>Der Kaufpreis und die Versandkosten sind bei Erhalt der Ware zur Zahlung f\u00e4llig. Kommt der Besteller in Zahlungsverzug, ist der ZMMZ Verlag berechtigt, Verzugszinsen in H\u00f6he von 5 % \u00fcber dem Basiszinssatz (\u00a7 247 Abs. 1 BGB) p.a. zu fordern.<br>Die Bezahlung erfolgt durch Bankeinzug oder \u00dcberweisung. Die Bezahlung durch \u00dcbersendung von Bargeld oder Schecks ist nicht m\u00f6glich; bei Verlust \u00fcbernimmt der ZMMZ Verlag keine Haftung.<br>Der Besteller kann nur mit rechtskr\u00e4ftig festgestellten oder vom ZMMZ Verlag schriftlich anerkannten Anspr\u00fcchen aufrechnen. Zur Aus\u00fcbung eines Zur\u00fcckbehaltungsrechts ist der Besteller nur insoweit befugt, als sein Gegenanspruch auf demselben Vertragsverh\u00e4ltnis beruht. <br>5. Eigentumsvorbehalt<br>Bis zur vollst\u00e4ndigen Bezahlung bleibt die Ware Eigentum des ZMMZ Verlages. <br>6. Urheberrechte<br>Die vom ZMMZ Verlag gelieferten Produkte unterliegen dem Urheberschutz. Vervielf\u00e4ltigung und Ver\u00f6ffentlichung &#8211; auch auszugsweise &#8211; sind nur mit schriftlicher Zustimmung des ZMMZ Verlages zul\u00e4ssig. <br>7. Haftung<br>Es gilt das gesetzliche Gew\u00e4hrleistungsrecht. Ausgeschlossen sind Schadenersatzanspr\u00fcche, soweit nicht vertragswesentliche Pflichten verletzt wurden, die Sch\u00e4den nicht vors\u00e4tzlich oder grob fahrl\u00e4ssig verursacht wurden und soweit nicht eine Verletzung des Lebens, des K\u00f6rpers oder der Gesundheit vorliegt.<br>Der ZMMZ Verlag und der jeweilige Autor \u00fcbernehmen &#8211; vorbehaltlich des vorstehenden Absatzes &#8211; keine Haftung f\u00fcr die Aktualit\u00e4t, Richtigkeit und Vollst\u00e4ndigkeit der zu liefernden Druckerzeugnissen ( wie z.B. B\u00fcchern, Brosch\u00fcren, Tagungsunterlagen) und elektronischen Medien. <br>8. Anwendbares Recht, Gerichtsstand und Erf\u00fcllungsort<br>Es gilt deutsches Recht. Soweit gesetzlich zul\u00e4ssig, wird als Erf\u00fcllungsort und Gerichtsstand K\u00f6ln vereinbart. Die Anwendung des UN-Kaufrechtes ist ausgeschlossen. <br>9. Widerrufsrecht f\u00fcr Verbraucher<br>Verbraucher haben das Recht, die Bestellung von Druckerzeugnissen (wie z.B. B\u00fcchern, Brosch\u00fcren, Tagungsunterlagen) und elektronischen Medien innerhalb von 14 Tagen nach Lieferung ohne Begr\u00fcndung schriftlich zu widerrufen oder die Ware an den ZMMZ Verlag zur\u00fcck zu senden.<br>Zur Fristwahrung gen\u00fcgt die rechtzeitige Absendung des Widerrufs bzw. die R\u00fccksendung der Ware an folgende Adresse:<br>ZMMZ Verlag Unternehmergesellschaft \/ haftungsbeschr\u00e4nkt Neue Weyerstr. 5, 50676 K\u00f6ln.<br>Dieses Widerrufsrecht besteht nicht bei Bestellung von Audio- oder Video-Aufzeichnungen oder von Software, sofern die gelieferten Datentr\u00e4ger entsiegelt worden oder die gesendeten Dateien ge\u00f6ffnet worden sind.<br>Der ZMMZ Verlag \u00fcbernimmt die Kosten f\u00fcr die R\u00fccksendung von Produkten, sofern der Kaufpreis den Betrag von EUR 40,00 \u00fcbersteigt. Der ZMMZ Verlag \u00fcbernimmt jedoch keine Kosten f\u00fcr R\u00fccksendungen aus dem Ausland. Der ZMMZ Verlag stellt dem Besteller f\u00fcr zur\u00fcckgenommene Ware eine Gutschrift aus, auf Wunsch des Bestellers erstattet der ZMMZ Verlag den Kaufpreis, gegebenenfalls jeweils abz\u00fcglich einer durch Ingebrauchnahme entstandenen Wertminderung.<br>10. Datenschutz<br>Der ZMMZ Verlag wird die vom Besteller \u00fcberlassenen Daten vertraulich behandeln und nur im Einklang mit den datenschutzrechtlichen Bestimmungen nutzen.<br>Die vom Besteller \u00fcbermittelten Bestandsdaten (Vorname, Name, Liefer- und Rechnungsanschrift, E-Mail-Adresse, Kontoverbindung) werden durch den ZMMZ Verlag in der Abonnenten- bzw. Kundenkartei gespeichert und zum Zwecke der Erbringung der Leistung und zur Abrechnung verarbeitet, genutzt und &#8211; soweit notwendig &#8211; an daf\u00fcr beauftragte Dienstleister weitergegeben. <em>Stand M\u00e4rz 2024<\/em><\/td><td><\/td><\/tr><tr><td><img decoding=\"async\" src=\"http:\/\/www.zmmz.de\/cms\/images\/spacer.gif\" width=\"2\" height=\"2\"><\/td><td><img decoding=\"async\" src=\"http:\/\/www.zmmz.de\/cms\/images\/spacer.gif\" width=\"12\" height=\"2\"><\/td><td><img decoding=\"async\" src=\"http:\/\/www.zmmz.de\/cms\/images\/spacer.gif\" width=\"12\" height=\"2\"><\/td><\/tr><\/tbody><\/table><\/figure>\n\n\n\n<p><\/p>\n\n\n\n<p><\/p>\n","protected":false},"excerpt":{"rendered":"<p>&#8220;Medizin trifft Recht&#8221; ist eine Marke des ZMMZ Verlages UG Allgemeine Gesch\u00e4ftsbedingungen des ZMMZ Verlages &nbsp; I. Allgemeine Gesch\u00e4ftsbedingungen f\u00fcr die Buchung von Seminaren und Schulungen<span class=\"excerpt-hellip\"> [\u2026]<\/span><\/p>\n","protected":false},"author":1,"featured_media":0,"parent":0,"menu_order":0,"comment_status":"open","ping_status":"open","template":"","meta":{"content-type":"","footnotes":""},"class_list":["post-546","page","type-page","status-publish","hentry"],"_links":{"self":[{"href":"https:\/\/www.medizintrifftrecht.de\/index.php\/wp-json\/wp\/v2\/pages\/546","targetHints":{"allow":["GET"]}}],"collection":[{"href":"https:\/\/www.medizintrifftrecht.de\/index.php\/wp-json\/wp\/v2\/pages"}],"about":[{"href":"https:\/\/www.medizintrifftrecht.de\/index.php\/wp-json\/wp\/v2\/types\/page"}],"author":[{"embeddable":true,"href":"https:\/\/www.medizintrifftrecht.de\/index.php\/wp-json\/wp\/v2\/users\/1"}],"replies":[{"embeddable":true,"href":"https:\/\/www.medizintrifftrecht.de\/index.php\/wp-json\/wp\/v2\/comments?post=546"}],"version-history":[{"count":4,"href":"https:\/\/www.medizintrifftrecht.de\/index.php\/wp-json\/wp\/v2\/pages\/546\/revisions"}],"predecessor-version":[{"id":3655,"href":"https:\/\/www.medizintrifftrecht.de\/index.php\/wp-json\/wp\/v2\/pages\/546\/revisions\/3655"}],"wp:attachment":[{"href":"https:\/\/www.medizintrifftrecht.de\/index.php\/wp-json\/wp\/v2\/media?parent=546"}],"curies":[{"name":"wp","href":"https:\/\/api.w.org\/{rel}","templated":true}]}}